{"id":1096,"date":"2022-03-22T01:10:14","date_gmt":"2022-03-22T00:10:14","guid":{"rendered":"http:\/\/geographiste.com\/?page_id=1096"},"modified":"2022-03-23T20:16:12","modified_gmt":"2022-03-23T19:16:12","slug":"mentions-legales-formulaire-de-contact","status":"publish","type":"page","link":"https:\/\/geographiste.com\/index.php\/mentions-legales-formulaire-de-contact\/","title":{"rendered":"Mentions l\u00e9gales formulaire de contact"},"content":{"rendered":"\t\t<div data-elementor-type=\"wp-page\" data-elementor-id=\"1096\" class=\"elementor elementor-1096\" data-elementor-settings=\"[]\">\n\t\t\t\t\t\t\t<div class=\"elementor-section-wrap\">\n\t\t\t\t\t\t\t<section class=\"elementor-section elementor-top-section elementor-element elementor-element-29aa43d elementor-section-boxed elementor-section-height-default elementor-section-height-default\" data-id=\"29aa43d\" data-element_type=\"section\">\n\t\t\t\t\t\t<div class=\"elementor-container elementor-column-gap-default\">\n\t\t\t\t\t<div class=\"elementor-column elementor-col-100 elementor-top-column elementor-element elementor-element-027eb56\" data-id=\"027eb56\" data-element_type=\"column\">\n\t\t\t<div class=\"elementor-widget-wrap elementor-element-populated\">\n\t\t\t\t\t\t\t\t<div class=\"elementor-element elementor-element-c1d5485 elementor-widget elementor-widget-text-editor\" data-id=\"c1d5485\" data-element_type=\"widget\" data-widget_type=\"text-editor.default\">\n\t\t\t\t<div class=\"elementor-widget-container\">\n\t\t\t<style>\/*! elementor - v3.5.6 - 28-02-2022 *\/\n.elementor-widget-text-editor.elementor-drop-cap-view-stacked .elementor-drop-cap{background-color:#818a91;color:#fff}.elementor-widget-text-editor.elementor-drop-cap-view-framed .elementor-drop-cap{color:#818a91;border:3px solid;background-color:transparent}.elementor-widget-text-editor:not(.elementor-drop-cap-view-default) .elementor-drop-cap{margin-top:8px}.elementor-widget-text-editor:not(.elementor-drop-cap-view-default) .elementor-drop-cap-letter{width:1em;height:1em}.elementor-widget-text-editor .elementor-drop-cap{float:left;text-align:center;line-height:1;font-size:50px}.elementor-widget-text-editor .elementor-drop-cap-letter{display:inline-block}<\/style>\t\t\t\t<p><span style=\"text-decoration: underline;\"><strong>POLITIQUE DE CONFIDENTIALIT\u00c9 \u2013 FORMULAIRE DE \u00ab CONTACT \u00bb<\/strong><\/span><\/p><p><strong><span style=\"text-decoration: underline;\">RESPONSABLE :<br \/><\/span><\/strong><\/p><p>Qui est responsable du traitement de vos donn\u00e9es ?<\/p><p>Identit\u00e9 : G\u00e9oGraphiste<br \/>Num\u00e9ro de SIRET : 81212437800017<br \/>T\u00e9l\u00e9phone : 01 58 46 28 55<br \/>Email : contact@geographiste.com<br \/>D\u00e9l\u00e9gu\u00e9 \u00e0 la protection des donn\u00e9es : Daniel Th\u00e9ry<\/p><p><span style=\"text-decoration: underline;\"><strong>BUT :<\/strong><\/span><\/p><p>Dans quel but est-ce que nous traitons vos donn\u00e9es personnelles ?<\/p><p>Chez G\u00e9oGraphiste, nous sommes susceptibles de traiter vos donn\u00e9es personnelles \u00e0 partir du formulaire de \u00ab Contact \u00bb, lequel nous permet de r\u00e9pondre \u00e0 toutes les demandes et tous les doutes que nos clients peuvent avoir vis-\u00e0-vis de nos produits.<\/p><p>Seul G\u00e9oGraphiste aura acc\u00e8s \u00e0 vos donn\u00e9es personnelles.<\/p><p>Le fait d\u2019accepter la pr\u00e9sente politique de confidentialit\u00e9 via le processus \u00e9tabli \u2013 \u00e0 savoir en cochant des cases \u2013 sera consid\u00e9r\u00e9 comme une d\u00e9claration affirmative \u00e0 travers laquelle L\u2019USAGER donne son CONSENTEMENT EXPR\u00c8SS ET SANS \u00c9QUIVOQUE \u2013 en vertu des articles 6 \u00e0 9 du RGPD \u2013 et autorise ainsi le traitement de ses donn\u00e9es \u00e0 caract\u00e8re personnel aux fins expos\u00e9es dans le pr\u00e9sent document.<\/p><p>Pendant combien de temps conservons-nous vos donn\u00e9es personnelles ?<\/p><p>Les donn\u00e9es personnelles recueillies \u00e0 travers les formulaires, ainsi que via le formulaire de demande de r\u00e9ception des lettres d\u2019informations, seront conserv\u00e9es par G\u00e9oGraphiste autant de temps que vous le d\u00e9ciderez. Vous pouvez \u00e0 tout moment exercer les droits que la r\u00e8glementation relative \u00e0 la protection des donn\u00e9es met \u00e0 votre disposition.<\/p><p>Encore une fois, vous pouvez \u00e0 tout moment \u00e9liminer votre nom de notre base de donn\u00e9es et exercer le reste des droits que la r\u00e8glementation en vigueur vous reconna\u00eet, et ce en nous contactant <a href=\"mailto:contact@geographiste.com\">contact@geographiste.com<\/a><\/p><p><span style=\"text-decoration: underline;\"><strong>AUTORISATION :<\/strong><\/span><\/p><p>Comment sommes-nous autoris\u00e9s \u00e0 traiter vos donn\u00e9es personnelles ?<\/p><p>Vous nous autorisez \u00e0 traiter vos donn\u00e9es personnelles d\u00e8s lors que vous cochez la case qui nous autorise de mani\u00e8re expresse \u00e0 traiter les donn\u00e9es que vous nous remettez.<\/p><p><span style=\"text-decoration: underline;\"><strong>DROITS DONT VOUS B\u00c9N\u00c9FICIEZ :<\/strong><\/span><\/p><p>De quels droits est-ce que je b\u00e9n\u00e9ficie en mati\u00e8re de protection de donn\u00e9es ?<\/p><p>Vous pouvez exercer n\u2019importe lequel des droits suivants en nous le faisant savoir \u00e0 l\u2019adresse \u00e9lectronique <a href=\"mailto:contact@geographiste.com\">contact@geographiste.com<\/a><\/p><p>Droit de demander \u00e0 acc\u00e9der \u00e0 mes donn\u00e9es personnelles.<\/p><p>Droit \u00e0 demander leur rectification ou leur suppression.<\/p><p>Droit \u00e0 demander la limitation du traitement des donn\u00e9es.<\/p><p>Droit \u00e0 s\u2019opposer au traitement des donn\u00e9es.<\/p><p>Droit \u00e0 la portabilit\u00e9.<\/p><p>Vous avez la possibilit\u00e9 de vous servir des formulaires suivants pour pouvoir exercer vos droits de mani\u00e8re plus facile.<\/p><p>Quels sont vos droits lorsque vous nous fournissez vos donn\u00e9es personnelles ?<\/p><p>N\u2019importe quel citoyen poss\u00e8de le droit d\u2019obtenir la confirmation que G\u00e9oGraphiste traite ou non des donn\u00e9es personnelles le concernant.<\/p><p>Les personnes concern\u00e9es pourront acc\u00e9der \u00e0 leurs donn\u00e9es personnelles, les rectifier ou, le cas \u00e9ch\u00e9ant, demander leur suppression lorsque, entre autres motifs, les donn\u00e9es ne sont plus n\u00e9cessaires pour satisfaire le but pour lequel elles ont \u00e9t\u00e9 recueillies.<\/p><p>Vous pouvez \u00e9galement nous demander de limiter le traitement de vos donn\u00e9es personnelles, auquel cas nous traiterons vos donn\u00e9es personnelles uniquement dans le but de vous permettre de soumettre des r\u00e9clamations et de vous d\u00e9fendre.<\/p><p><span style=\"text-decoration: underline;\"><strong>DESTINATAIRES :<br \/><\/strong><\/span><\/p><p>\u00c0 quels destinataires communiquerons-nous vos donn\u00e9es personnelles ?<\/p><p>Nous ne partagerons pas vos donn\u00e9es personnelles, sauf en cas d\u2019obligation l\u00e9gale.<\/p><p><span style=\"text-decoration: underline;\"><strong>PROVENANCE DE VOS DONN\u00c9ES PERSONNELLES :<\/strong><\/span><\/p><p>Comment est-ce que nous avons obtenu vos donn\u00e9es personnelles ?<\/p><p>Nous les recueillons via le formulaire de \u00ab Contact \u00bb du site web de G\u00e9oGraphiste.<\/p><p>Quelles cat\u00e9gories de donn\u00e9es manipulons-nous ?<\/p><p>Cat\u00e9gories de donn\u00e9es \u00e0 caract\u00e8re personnel que nous traitons : nom, adresse e-mail, t\u00e9l\u00e9phone et message.<\/p><p><span style=\"text-decoration: underline;\"><strong>AUTORIT\u00c9 DE CONTR\u00d4LE :<br \/><\/strong><\/span><\/p><p>Chez G\u00e9oGraphiste, nous faisons tout notre possible pour respecter la r\u00e8glementation relative \u00e0 la protection des donn\u00e9es, car nous sommes conscients du fait que les donn\u00e9es constituent notre principal actif. Toutefois, nous vous informons que, dans le cas o\u00f9 vous constateriez que vos droits ont \u00e9t\u00e9 bafou\u00e9s, vous pouvez contacter G\u00e9oGraphiste \u00e0 l\u2019adresse <a href=\"mailto:contact@geographiste.com\">contact@geographiste.com<\/a> puis, dans un second temps, dans le cas o\u00f9 vous ne seriez pas satisfait(e), vous pourrez \u00e9galement porter r\u00e9clamation aupr\u00e8s de la <a href=\"https:\/\/www.cnil.fr\/\" target=\"_blank\" rel=\"noopener\">CNIL<\/a>.<\/p>\t\t\t\t\t\t<\/div>\n\t\t\t\t<\/div>\n\t\t\t\t\t<\/div>\n\t\t<\/div>\n\t\t\t\t\t\t\t<\/div>\n\t\t<\/section>\n\t\t\t\t\t\t<\/div>\n\t\t\t\t\t<\/div>\n\t\t","protected":false},"excerpt":{"rendered":"<p>POLITIQUE DE CONFIDENTIALIT\u00c9 \u2013 FORMULAIRE DE \u00ab CONTACT \u00bb RESPONSABLE : Qui est responsable du traitement de vos donn\u00e9es ? Identit\u00e9 : G\u00e9oGraphisteNum\u00e9ro de SIRET : 81212437800017T\u00e9l\u00e9phone : 01 58 46 28 55Email : contact@geographiste.comD\u00e9l\u00e9gu\u00e9 \u00e0 la protection des donn\u00e9es : Daniel Th\u00e9ry BUT : Dans quel but est-ce que nous traitons vos donn\u00e9es personnelles &hellip; <\/p>\n<p class=\"link-more\"><a href=\"https:\/\/geographiste.com\/index.php\/mentions-legales-formulaire-de-contact\/\" class=\"more-link\">Read more<span class=\"screen-reader-text\"> &#8220;Mentions l\u00e9gales formulaire de contact&#8221;<\/span><\/a><\/p>\n","protected":false},"author":1,"featured_media":0,"parent":0,"menu_order":0,"comment_status":"closed","ping_status":"closed","template":"","meta":{"_coblocks_attr":"","_coblocks_dimensions":"","_coblocks_responsive_height":"","_coblocks_accordion_ie_support":"","footnotes":""},"class_list":["post-1096","page","type-page","status-publish","hentry"],"featured_media_urls":[],"_links":{"self":[{"href":"https:\/\/geographiste.com\/index.php\/wp-json\/wp\/v2\/pages\/1096","targetHints":{"allow":["GET"]}}],"collection":[{"href":"https:\/\/geographiste.com\/index.php\/wp-json\/wp\/v2\/pages"}],"about":[{"href":"https:\/\/geographiste.com\/index.php\/wp-json\/wp\/v2\/types\/page"}],"author":[{"embeddable":true,"href":"https:\/\/geographiste.com\/index.php\/wp-json\/wp\/v2\/users\/1"}],"replies":[{"embeddable":true,"href":"https:\/\/geographiste.com\/index.php\/wp-json\/wp\/v2\/comments?post=1096"}],"version-history":[{"count":22,"href":"https:\/\/geographiste.com\/index.php\/wp-json\/wp\/v2\/pages\/1096\/revisions"}],"predecessor-version":[{"id":1231,"href":"https:\/\/geographiste.com\/index.php\/wp-json\/wp\/v2\/pages\/1096\/revisions\/1231"}],"wp:attachment":[{"href":"https:\/\/geographiste.com\/index.php\/wp-json\/wp\/v2\/media?parent=1096"}],"curies":[{"name":"wp","href":"https:\/\/api.w.org\/{rel}","templated":true}]}}