{"id":163,"date":"2022-02-23T14:24:09","date_gmt":"2022-02-23T13:24:09","guid":{"rendered":"http:\/\/geographiste.com\/index.php\/teluro\/"},"modified":"2022-10-20T00:05:34","modified_gmt":"2022-10-19T22:05:34","slug":"teluro","status":"publish","type":"page","link":"https:\/\/geographiste.com\/","title":{"rendered":"Accueil"},"content":{"rendered":"\t\t<div data-elementor-type=\"wp-page\" data-elementor-id=\"163\" class=\"elementor elementor-163\" data-elementor-settings=\"[]\">\n\t\t\t\t\t\t\t<div class=\"elementor-section-wrap\">\n\t\t\t\t\t\t\t<section class=\"elementor-section elementor-top-section elementor-element elementor-element-c642473 elementor-section-boxed elementor-section-height-default elementor-section-height-default\" data-id=\"c642473\" data-element_type=\"section\">\n\t\t\t\t\t\t<div class=\"elementor-container elementor-column-gap-default\">\n\t\t\t\t\t<div class=\"elementor-column elementor-col-100 elementor-top-column elementor-element elementor-element-f48763a\" data-id=\"f48763a\" data-element_type=\"column\">\n\t\t\t<div class=\"elementor-widget-wrap elementor-element-populated\">\n\t\t\t\t\t\t\t\t<div class=\"elementor-element elementor-element-f691077 elementor-widget elementor-widget-heading\" data-id=\"f691077\" data-element_type=\"widget\" data-widget_type=\"heading.default\">\n\t\t\t\t<div class=\"elementor-widget-container\">\n\t\t\t<style>\/*! elementor - v3.5.6 - 28-02-2022 *\/\n.elementor-heading-title{padding:0;margin:0;line-height:1}.elementor-widget-heading .elementor-heading-title[class*=elementor-size-]>a{color:inherit;font-size:inherit;line-height:inherit}.elementor-widget-heading .elementor-heading-title.elementor-size-small{font-size:15px}.elementor-widget-heading .elementor-heading-title.elementor-size-medium{font-size:19px}.elementor-widget-heading .elementor-heading-title.elementor-size-large{font-size:29px}.elementor-widget-heading .elementor-heading-title.elementor-size-xl{font-size:39px}.elementor-widget-heading .elementor-heading-title.elementor-size-xxl{font-size:59px}<\/style><h2 class=\"elementor-heading-title elementor-size-default\">G\u00c9OGRAPHISTE<\/h2>\t\t<\/div>\n\t\t\t\t<\/div>\n\t\t\t\t\t<\/div>\n\t\t<\/div>\n\t\t\t\t\t\t\t<\/div>\n\t\t<\/section>\n\t\t\t\t<section class=\"elementor-section elementor-top-section elementor-element elementor-element-0dc566f elementor-section-boxed elementor-section-height-default elementor-section-height-default\" data-id=\"0dc566f\" data-element_type=\"section\">\n\t\t\t\t\t\t<div class=\"elementor-container elementor-column-gap-default\">\n\t\t\t\t\t<div class=\"elementor-column elementor-col-100 elementor-top-column elementor-element elementor-element-d297835\" data-id=\"d297835\" data-element_type=\"column\">\n\t\t\t<div class=\"elementor-widget-wrap elementor-element-populated\">\n\t\t\t\t\t\t\t\t<div class=\"elementor-element elementor-element-b1b9de1 elementor-widget elementor-widget-text-editor\" data-id=\"b1b9de1\" data-element_type=\"widget\" data-widget_type=\"text-editor.default\">\n\t\t\t\t<div class=\"elementor-widget-container\">\n\t\t\t<style>\/*! elementor - v3.5.6 - 28-02-2022 *\/\n.elementor-widget-text-editor.elementor-drop-cap-view-stacked .elementor-drop-cap{background-color:#818a91;color:#fff}.elementor-widget-text-editor.elementor-drop-cap-view-framed .elementor-drop-cap{color:#818a91;border:3px solid;background-color:transparent}.elementor-widget-text-editor:not(.elementor-drop-cap-view-default) .elementor-drop-cap{margin-top:8px}.elementor-widget-text-editor:not(.elementor-drop-cap-view-default) .elementor-drop-cap-letter{width:1em;height:1em}.elementor-widget-text-editor .elementor-drop-cap{float:left;text-align:center;line-height:1;font-size:50px}.elementor-widget-text-editor .elementor-drop-cap-letter{display:inline-block}<\/style>\t\t\t\t<p><strong>G\u00e9oGraphiste<\/strong> est un bureau d\u2019\u00e9tudes fond\u00e9 en 2022, proposant une gamme compl\u00e8te de services dans le domaine des donn\u00e9es g\u00e9ographiques, de la cr\u00e9ation de cartes au conseil et \u00e0 la formation pour la mise en place de vos Syst\u00e8mes d&#8217;Information G\u00e9ographiques (SIG). Aussi bien G\u00c9Ographes que GRAPHISTES, nous pla\u00e7ons l\u2019innovation au c\u0153ur de nos m\u00e9tiers afin de combiner l\u2019exactitude et la pertinence des informations trait\u00e9es \u00e0 la lisibilit\u00e9 et l\u2019esth\u00e9tique des supports graphiques.<\/p><p>Que vous soyez une entreprise, un bureau d\u2019\u00e9tudes, une collectivit\u00e9 locale ou tout autre type de structure publique ou priv\u00e9e, nous pouvons vous aider \u00e0 r\u00e9aliser vos projets, depuis la cr\u00e9ation de cartes ou d\u2019atlas g\u00e9ographiques jusqu\u2019\u00e0 un accompagnement personnalis\u00e9 pour d\u00e9velopper des outils simples et pratiques de collecte, d\u2019analyse et de cartographie de vos donn\u00e9es<\/p>\t\t\t\t\t\t<\/div>\n\t\t\t\t<\/div>\n\t\t\t\t\t<\/div>\n\t\t<\/div>\n\t\t\t\t\t\t\t<\/div>\n\t\t<\/section>\n\t\t\t\t<section class=\"elementor-section elementor-top-section elementor-element elementor-element-abc1b28 elementor-section-boxed elementor-section-height-default elementor-section-height-default\" data-id=\"abc1b28\" data-element_type=\"section\">\n\t\t\t\t\t\t<div class=\"elementor-container elementor-column-gap-default\">\n\t\t\t\t\t<div class=\"elementor-column elementor-col-100 elementor-top-column elementor-element elementor-element-0e6c70f\" data-id=\"0e6c70f\" data-element_type=\"column\">\n\t\t\t<div class=\"elementor-widget-wrap elementor-element-populated\">\n\t\t\t\t\t\t\t\t<div class=\"elementor-element elementor-element-1e26f27 elementor-widget elementor-widget-image-carousel\" data-id=\"1e26f27\" data-element_type=\"widget\" data-settings=\"{&quot;navigation&quot;:&quot;none&quot;,&quot;autoplay_speed&quot;:2000,&quot;image_spacing_custom&quot;:{&quot;unit&quot;:&quot;px&quot;,&quot;size&quot;:0,&quot;sizes&quot;:[]},&quot;autoplay&quot;:&quot;yes&quot;,&quot;pause_on_hover&quot;:&quot;yes&quot;,&quot;pause_on_interaction&quot;:&quot;yes&quot;,&quot;infinite&quot;:&quot;yes&quot;,&quot;speed&quot;:500}\" data-widget_type=\"image-carousel.default\">\n\t\t\t\t<div class=\"elementor-widget-container\">\n\t\t\t<style>\/*! elementor - v3.5.6 - 28-02-2022 *\/\n.elementor-widget-image-carousel .swiper-container{position:static}.elementor-widget-image-carousel .swiper-container .swiper-slide figure{line-height:inherit}.elementor-widget-image-carousel .swiper-slide{text-align:center}.elementor-image-carousel-wrapper:not(.swiper-container-initialized) .swiper-slide{max-width:calc(100% \/ var(--e-image-carousel-slides-to-show, 3))}<\/style>\t\t<div class=\"elementor-image-carousel-wrapper swiper-container\" dir=\"ltr\">\n\t\t\t<div class=\"elementor-image-carousel swiper-wrapper\">\n\t\t\t\t\t\t\t\t<div class=\"swiper-slide\"><figure class=\"swiper-slide-inner\"><img decoding=\"async\" class=\"swiper-slide-image\" src=\"https:\/\/geographiste.com\/wp-content\/uploads\/2022\/02\/Accompagnement-d_e\u0301tudes-2-212x300.jpeg\" alt=\"Accompagnement d_e\u0301tudes 2\" \/><\/figure><\/div><div class=\"swiper-slide\"><figure class=\"swiper-slide-inner\"><img decoding=\"async\" class=\"swiper-slide-image\" src=\"https:\/\/geographiste.com\/wp-content\/uploads\/2022\/03\/MOTTE_finale-01-1-300x219.jpg\" alt=\"Motte_resultat\" \/><\/figure><\/div><div class=\"swiper-slide\"><figure class=\"swiper-slide-inner\"><img decoding=\"async\" class=\"swiper-slide-image\" src=\"https:\/\/geographiste.com\/wp-content\/uploads\/2022\/02\/2016-11_Foncier-public-212x300.jpeg\" alt=\"2016-11_Foncier-public\" \/><\/figure><\/div><div class=\"swiper-slide\"><figure class=\"swiper-slide-inner\"><img decoding=\"async\" class=\"swiper-slide-image\" src=\"https:\/\/geographiste.com\/wp-content\/uploads\/2022\/03\/20190619_isochrone_repartitionEntreprise1_V01-300x300.png\" alt=\"20190619_isochrone_repartitionEntreprise1_V01\" \/><\/figure><\/div><div class=\"swiper-slide\"><figure class=\"swiper-slide-inner\"><img decoding=\"async\" class=\"swiper-slide-image\" src=\"https:\/\/geographiste.com\/wp-content\/uploads\/2022\/03\/vouvant-251x300.jpg\" alt=\"vouvant\" \/><\/figure><\/div><div class=\"swiper-slide\"><figure class=\"swiper-slide-inner\"><img decoding=\"async\" class=\"swiper-slide-image\" src=\"https:\/\/geographiste.com\/wp-content\/uploads\/2022\/03\/Afg-Attacks-on-Health-Care-20190815-300x212.png\" alt=\"Afg Attacks on Health Care 20190815\" \/><\/figure><\/div><div class=\"swiper-slide\"><figure class=\"swiper-slide-inner\"><img decoding=\"async\" class=\"swiper-slide-image\" src=\"https:\/\/geographiste.com\/wp-content\/uploads\/2022\/02\/OAP2-300x212.jpg\" alt=\"OAP2\" \/><\/figure><\/div>\t\t\t<\/div>\n\t\t\t\t\t\t\t\t\t\t\t\t\t\t\t\t<\/div>\n\t\t\t\t<\/div>\n\t\t\t\t<\/div>\n\t\t\t\t<div class=\"elementor-element elementor-element-5ce8d3f elementor-widget elementor-widget-heading\" data-id=\"5ce8d3f\" data-element_type=\"widget\" data-widget_type=\"heading.default\">\n\t\t\t\t<div class=\"elementor-widget-container\">\n\t\t\t<h2 class=\"elementor-heading-title elementor-size-default\">NOTRE PHILOSOPHIE<\/h2>\t\t<\/div>\n\t\t\t\t<\/div>\n\t\t\t\t\t<\/div>\n\t\t<\/div>\n\t\t\t\t\t\t\t<\/div>\n\t\t<\/section>\n\t\t\t\t<section class=\"elementor-section elementor-top-section elementor-element elementor-element-8940295 elementor-section-boxed elementor-section-height-default elementor-section-height-default\" data-id=\"8940295\" data-element_type=\"section\">\n\t\t\t\t\t\t<div class=\"elementor-container elementor-column-gap-default\">\n\t\t\t\t\t<div class=\"elementor-column elementor-col-100 elementor-top-column elementor-element elementor-element-000f157\" data-id=\"000f157\" data-element_type=\"column\">\n\t\t\t<div class=\"elementor-widget-wrap elementor-element-populated\">\n\t\t\t\t\t\t\t\t<div class=\"elementor-element elementor-element-b0eaca8 elementor-widget elementor-widget-text-editor\" data-id=\"b0eaca8\" data-element_type=\"widget\" data-widget_type=\"text-editor.default\">\n\t\t\t\t<div class=\"elementor-widget-container\">\n\t\t\t\t\t\t\t<p>Certains du pouvoir de la carte comme support d\u2019analyse et de communication, convaincus\u00a0 que la g\u00e9omatique (alliance de la G\u00c9Ographie et de l\u2019inforMATIQUE) est un outil puissant au service de la compr\u00e9hension des territoires et de leurs enjeux (environnementaux, urbanistiques, patrimoniaux,\u2026) nous souhaitons contribuer \u00e0 d\u00e9velopper et faire conna\u00eetre ce secteur d\u2019avenir.<\/p><p>L\u2019information g\u00e9ographique et la cartographie sont trop souvent une affaire des sp\u00e9cialistes. Les organisations souhaitant d\u00e9velopper des comp\u00e9tences dans ce domaine se heurtent g\u00e9n\u00e9ralement \u00e0 deux \u00e9cueils\u00a0: la technicit\u00e9 requise pour g\u00e9rer les donner ou r\u00e9aliser des cartes, et le prix prohibitif des Syst\u00e8mes d\u2019Informations G\u00e9ographiques (SIG) propos\u00e9s par les \u00e9diteurs.\u00a0<\/p><p><b>Chez G\u00e9oGraphiste<\/b>, nous consid\u00e9rons qu\u2019avec une p\u00e9dagogie adapt\u00e9e et en s\u2019appuyant sur la puissance des logiciels libres (open source), chacun peut apprendre \u00e0 ma\u00eetriser l\u2019information g\u00e9ographique et r\u00e9aliser ses propres cartes. Nos missions\u00a0: vous apporter notre expertise afin de vous rendre autonomes sur le traitement de vos donn\u00e9es, ou r\u00e9aliser pour vous les cartes, plans, tableaux de bords et autres data-visualisations dont vous avez besoin.<\/p>\t\t\t\t\t\t<\/div>\n\t\t\t\t<\/div>\n\t\t\t\t<div class=\"elementor-element elementor-element-ba7d11f elementor-widget elementor-widget-spacer\" data-id=\"ba7d11f\" data-element_type=\"widget\" data-widget_type=\"spacer.default\">\n\t\t\t\t<div class=\"elementor-widget-container\">\n\t\t\t\t\t<div class=\"elementor-spacer\">\n\t\t\t<div class=\"elementor-spacer-inner\"><\/div>\n\t\t<\/div>\n\t\t\t\t<\/div>\n\t\t\t\t<\/div>\n\t\t\t\t\t<\/div>\n\t\t<\/div>\n\t\t\t\t\t\t\t<\/div>\n\t\t<\/section>\n\t\t\t\t\t\t<\/div>\n\t\t\t\t\t<\/div>\n\t\t","protected":false},"excerpt":{"rendered":"<p>G\u00c9OGRAPHISTE G\u00e9oGraphiste est un bureau d\u2019\u00e9tudes fond\u00e9 en 2022, proposant une gamme compl\u00e8te de services dans le domaine des donn\u00e9es g\u00e9ographiques, de la cr\u00e9ation de cartes au conseil et \u00e0 la formation pour la mise en place de vos Syst\u00e8mes d&#8217;Information G\u00e9ographiques (SIG). Aussi bien G\u00c9Ographes que GRAPHISTES, nous pla\u00e7ons l\u2019innovation au c\u0153ur de nos &hellip; <\/p>\n<p class=\"link-more\"><a href=\"https:\/\/geographiste.com\/\" class=\"more-link\">Read more<span class=\"screen-reader-text\"> &#8220;Accueil&#8221;<\/span><\/a><\/p>\n","protected":false},"author":1,"featured_media":0,"parent":0,"menu_order":0,"comment_status":"closed","ping_status":"closed","template":"","meta":{"_coblocks_attr":"","_coblocks_dimensions":"","_coblocks_responsive_height":"","_coblocks_accordion_ie_support":"","footnotes":""},"class_list":["post-163","page","type-page","status-publish","hentry"],"featured_media_urls":[],"_links":{"self":[{"href":"https:\/\/geographiste.com\/index.php\/wp-json\/wp\/v2\/pages\/163","targetHints":{"allow":["GET"]}}],"collection":[{"href":"https:\/\/geographiste.com\/index.php\/wp-json\/wp\/v2\/pages"}],"about":[{"href":"https:\/\/geographiste.com\/index.php\/wp-json\/wp\/v2\/types\/page"}],"author":[{"embeddable":true,"href":"https:\/\/geographiste.com\/index.php\/wp-json\/wp\/v2\/users\/1"}],"replies":[{"embeddable":true,"href":"https:\/\/geographiste.com\/index.php\/wp-json\/wp\/v2\/comments?post=163"}],"version-history":[{"count":135,"href":"https:\/\/geographiste.com\/index.php\/wp-json\/wp\/v2\/pages\/163\/revisions"}],"predecessor-version":[{"id":1368,"href":"https:\/\/geographiste.com\/index.php\/wp-json\/wp\/v2\/pages\/163\/revisions\/1368"}],"wp:attachment":[{"href":"https:\/\/geographiste.com\/index.php\/wp-json\/wp\/v2\/media?parent=163"}],"curies":[{"name":"wp","href":"https:\/\/api.w.org\/{rel}","templated":true}]}}