{"id":365,"date":"2022-02-24T13:25:08","date_gmt":"2022-02-24T12:25:08","guid":{"rendered":"http:\/\/geographiste.com\/?page_id=365"},"modified":"2022-03-19T17:32:01","modified_gmt":"2022-03-19T16:32:01","slug":"contact","status":"publish","type":"page","link":"https:\/\/geographiste.com\/index.php\/contact\/","title":{"rendered":"Contact"},"content":{"rendered":"\t\t<div data-elementor-type=\"wp-page\" data-elementor-id=\"365\" class=\"elementor elementor-365\" data-elementor-settings=\"[]\">\n\t\t\t\t\t\t\t<div class=\"elementor-section-wrap\">\n\t\t\t\t\t\t\t<section class=\"elementor-section elementor-top-section elementor-element elementor-element-761adf37 elementor-section-boxed elementor-section-height-default elementor-section-height-default\" data-id=\"761adf37\" data-element_type=\"section\">\n\t\t\t\t\t\t<div class=\"elementor-container elementor-column-gap-default\">\n\t\t\t\t\t<div class=\"elementor-column elementor-col-100 elementor-top-column elementor-element elementor-element-655b6550\" data-id=\"655b6550\" data-element_type=\"column\">\n\t\t\t<div class=\"elementor-widget-wrap elementor-element-populated\">\n\t\t\t\t\t\t\t\t<div class=\"elementor-element elementor-element-319416a elementor-widget elementor-widget-text-editor\" data-id=\"319416a\" data-element_type=\"widget\" data-widget_type=\"text-editor.default\">\n\t\t\t\t<div class=\"elementor-widget-container\">\n\t\t\t<style>\/*! elementor - v3.5.6 - 28-02-2022 *\/\n.elementor-widget-text-editor.elementor-drop-cap-view-stacked .elementor-drop-cap{background-color:#818a91;color:#fff}.elementor-widget-text-editor.elementor-drop-cap-view-framed .elementor-drop-cap{color:#818a91;border:3px solid;background-color:transparent}.elementor-widget-text-editor:not(.elementor-drop-cap-view-default) .elementor-drop-cap{margin-top:8px}.elementor-widget-text-editor:not(.elementor-drop-cap-view-default) .elementor-drop-cap-letter{width:1em;height:1em}.elementor-widget-text-editor .elementor-drop-cap{float:left;text-align:center;line-height:1;font-size:50px}.elementor-widget-text-editor .elementor-drop-cap-letter{display:inline-block}<\/style>\t\t\t\t<!-- wp:columns -->\n<div class=\"wp-block-columns\"><!-- wp:column {\"width\":\"33.33%\"} -->\n<div class=\"wp-block-column\" style=\"flex-basis: 33.33%;\">\u00a0<\/div>\n<!-- \/wp:column --><!-- wp:column {\"width\":\"66.66%\"} -->\n<div class=\"wp-block-column\" style=\"flex-basis: 66.66%;\"><!-- wp:image {\"id\":416,\"width\":134,\"height\":131,\"sizeSlug\":\"full\",\"linkDestination\":\"none\",\"animation\":\"slideInRight\"} -->\n<figure class=\"wp-block-image size-full is-resized coblocks-animate\" data-coblocks-animation=\"slideInRight\"><img loading=\"lazy\" decoding=\"async\" class=\"wp-image-416\" src=\"http:\/\/geographiste.com\/wp-content\/uploads\/2022\/02\/cropped-logo_acc.png\" alt=\"\" width=\"134\" height=\"131\" srcset=\"https:\/\/geographiste.com\/wp-content\/uploads\/2022\/02\/cropped-logo_acc.png 594w, https:\/\/geographiste.com\/wp-content\/uploads\/2022\/02\/cropped-logo_acc-300x293.png 300w\" sizes=\"auto, (max-width: 134px) 100vw, 134px\" \/><\/figure>\n<!-- \/wp:image --><\/div>\n<!-- \/wp:column --><\/div>\n<!-- \/wp:columns --><!-- wp:contact-form-7\/contact-form-selector {\"id\":565,\"title\":\"formulaire 2\"} -->\n<div class=\"wp-block-contact-form-7-contact-form-selector\"><div role=\"form\" class=\"wpcf7\" id=\"wpcf7-f565-o1\" lang=\"fr-FR\" dir=\"ltr\">\n<div class=\"screen-reader-response\"><p role=\"status\" aria-live=\"polite\" aria-atomic=\"true\"><\/p> <ul><\/ul><\/div>\n<form action=\"\/index.php\/wp-json\/wp\/v2\/pages\/365#wpcf7-f565-o1\" method=\"post\" class=\"wpcf7-form init\" novalidate=\"novalidate\" data-status=\"init\">\n<div style=\"display: none;\">\n<input type=\"hidden\" name=\"_wpcf7\" value=\"565\" \/>\n<input type=\"hidden\" name=\"_wpcf7_version\" value=\"5.5.6\" \/>\n<input type=\"hidden\" name=\"_wpcf7_locale\" value=\"fr_FR\" \/>\n<input type=\"hidden\" name=\"_wpcf7_unit_tag\" value=\"wpcf7-f565-o1\" \/>\n<input type=\"hidden\" name=\"_wpcf7_container_post\" value=\"0\" \/>\n<input type=\"hidden\" name=\"_wpcf7_posted_data_hash\" value=\"\" \/>\n<input type=\"hidden\" name=\"_wpcf7_recaptcha_response\" value=\"\" \/>\n<\/div>\n<div id=\"responsive-form\" class=\"clearfix\">\n<div class=\"form-row\">\n<div class=\"column-half\">Nom <span class=\"wpcf7-form-control-wrap first-name\"><input type=\"text\" name=\"first-name\" value=\"\" size=\"40\" class=\"wpcf7-form-control wpcf7-text wpcf7-validates-as-required\" aria-required=\"true\" aria-invalid=\"false\" \/><\/span><\/div>\n<div class=\"column-half\">Pr\u00e9nom <span class=\"wpcf7-form-control-wrap last-name\"><input type=\"text\" name=\"last-name\" value=\"\" size=\"40\" class=\"wpcf7-form-control wpcf7-text wpcf7-validates-as-required\" aria-required=\"true\" aria-invalid=\"false\" \/><\/span><\/div>\n<\/div>\n<div class=\"form-row\">\n<div class=\"column-half\">Email <span class=\"wpcf7-form-control-wrap your-email\"><input type=\"email\" name=\"your-email\" value=\"\" size=\"40\" class=\"wpcf7-form-control wpcf7-text wpcf7-email wpcf7-validates-as-required wpcf7-validates-as-email\" aria-required=\"true\" aria-invalid=\"false\" \/><\/span><\/div>\n<div class=\"column-half\">T\u00e9l\u00e9phone (facultatif) <span class=\"wpcf7-form-control-wrap your-phone\"><input type=\"text\" name=\"your-phone\" value=\"\" size=\"40\" class=\"wpcf7-form-control wpcf7-text\" aria-invalid=\"false\" \/><\/span><\/div>\n<\/div>\n<div class=\"form-row\">\n<div class=\"column-full\">Objet <span class=\"wpcf7-form-control-wrap your-subject\"><input type=\"text\" name=\"your-subject\" value=\"\" size=\"40\" class=\"wpcf7-form-control wpcf7-text wpcf7-validates-as-required\" aria-required=\"true\" aria-invalid=\"false\" \/><\/span><\/div>\n<\/div>\n<div class=\"form-row\">\n<div class=\"column-full\">Votre message  <span class=\"wpcf7-form-control-wrap your-message\"><textarea name=\"your-message\" cols=\"40\" rows=\"10\" class=\"wpcf7-form-control wpcf7-textarea\" aria-invalid=\"false\"><\/textarea><\/span><\/div>\n<\/div>\n<p><a href=\"http:\/\/geographiste.com\/index.php\/mentions-legales-formulaire-de-contact\/\" target=\"_blank\" rel=\"noopener\">Mentions L\u00e9gales &#8220;formulaire de contact&#8221;<\/a><\/p>\n<div class=\"form-row\">\n<div class=\"column-full\"><span class=\"wpcf7-form-control-wrap acceptance-111\"><span class=\"wpcf7-form-control wpcf7-acceptance\"><span class=\"wpcf7-list-item\"><label><input type=\"checkbox\" name=\"acceptance-111\" value=\"1\" aria-invalid=\"false\" \/><span class=\"wpcf7-list-item-label\">En cochant cette case, je reconnais avoir lu les mentions l\u00e9gales et j&#8217;accepte que mon adresse e-mail soit stock\u00e9e pour apporter une r\u00e9ponse<\/span><\/label><\/span><\/span><\/span><\/div>\n<\/div>\n<div class=\"form-row\">\n<div class=\"column-full\"><input type=\"submit\" value=\"Envoyer\" class=\"wpcf7-form-control has-spinner wpcf7-submit\" \/><\/div>\n<\/div>\n<\/div>\n<p><!--end responsive-form--><\/p>\n<div class=\"wpcf7-response-output\" aria-hidden=\"true\"><\/div><\/form><\/div><\/div>\n<!-- \/wp:contact-form-7\/contact-form-selector -->\t\t\t\t\t\t<\/div>\n\t\t\t\t<\/div>\n\t\t\t\t\t<\/div>\n\t\t<\/div>\n\t\t\t\t\t\t\t<\/div>\n\t\t<\/section>\n\t\t\t\t\t\t<\/div>\n\t\t\t\t\t<\/div>\n\t\t","protected":false},"excerpt":{"rendered":"<p>\u00a0<\/p>\n","protected":false},"author":1,"featured_media":0,"parent":0,"menu_order":0,"comment_status":"closed","ping_status":"closed","template":"","meta":{"_coblocks_attr":"","_coblocks_dimensions":"","_coblocks_responsive_height":"","_coblocks_accordion_ie_support":"","footnotes":""},"class_list":["post-365","page","type-page","status-publish","hentry"],"featured_media_urls":[],"_links":{"self":[{"href":"https:\/\/geographiste.com\/index.php\/wp-json\/wp\/v2\/pages\/365","targetHints":{"allow":["GET"]}}],"collection":[{"href":"https:\/\/geographiste.com\/index.php\/wp-json\/wp\/v2\/pages"}],"about":[{"href":"https:\/\/geographiste.com\/index.php\/wp-json\/wp\/v2\/types\/page"}],"author":[{"embeddable":true,"href":"https:\/\/geographiste.com\/index.php\/wp-json\/wp\/v2\/users\/1"}],"replies":[{"embeddable":true,"href":"https:\/\/geographiste.com\/index.php\/wp-json\/wp\/v2\/comments?post=365"}],"version-history":[{"count":28,"href":"https:\/\/geographiste.com\/index.php\/wp-json\/wp\/v2\/pages\/365\/revisions"}],"predecessor-version":[{"id":1082,"href":"https:\/\/geographiste.com\/index.php\/wp-json\/wp\/v2\/pages\/365\/revisions\/1082"}],"wp:attachment":[{"href":"https:\/\/geographiste.com\/index.php\/wp-json\/wp\/v2\/media?parent=365"}],"curies":[{"name":"wp","href":"https:\/\/api.w.org\/{rel}","templated":true}]}}