{"id":692,"date":"2022-03-16T23:12:33","date_gmt":"2022-03-16T22:12:33","guid":{"rendered":"http:\/\/geographiste.com\/?page_id=692"},"modified":"2022-04-06T12:33:57","modified_gmt":"2022-04-06T10:33:57","slug":"qui-nous-sommes","status":"publish","type":"page","link":"https:\/\/geographiste.com\/index.php\/qui-nous-sommes\/","title":{"rendered":"Qui nous sommes"},"content":{"rendered":"\t\t<div data-elementor-type=\"wp-page\" data-elementor-id=\"692\" class=\"elementor elementor-692\" data-elementor-settings=\"[]\">\n\t\t\t\t\t\t\t<div class=\"elementor-section-wrap\">\n\t\t\t\t\t\t\t<section class=\"elementor-section elementor-top-section elementor-element elementor-element-3e67b80 elementor-section-boxed elementor-section-height-default elementor-section-height-default\" data-id=\"3e67b80\" data-element_type=\"section\">\n\t\t\t\t\t\t<div class=\"elementor-container elementor-column-gap-default\">\n\t\t\t\t\t<div class=\"elementor-column elementor-col-100 elementor-top-column elementor-element elementor-element-8f985c7\" data-id=\"8f985c7\" data-element_type=\"column\">\n\t\t\t<div class=\"elementor-widget-wrap elementor-element-populated\">\n\t\t\t\t\t\t\t\t<div class=\"elementor-element elementor-element-6caadd2 elementor-widget elementor-widget-text-editor\" data-id=\"6caadd2\" data-element_type=\"widget\" data-widget_type=\"text-editor.default\">\n\t\t\t\t<div class=\"elementor-widget-container\">\n\t\t\t<style>\/*! elementor - v3.5.6 - 28-02-2022 *\/\n.elementor-widget-text-editor.elementor-drop-cap-view-stacked .elementor-drop-cap{background-color:#818a91;color:#fff}.elementor-widget-text-editor.elementor-drop-cap-view-framed .elementor-drop-cap{color:#818a91;border:3px solid;background-color:transparent}.elementor-widget-text-editor:not(.elementor-drop-cap-view-default) .elementor-drop-cap{margin-top:8px}.elementor-widget-text-editor:not(.elementor-drop-cap-view-default) .elementor-drop-cap-letter{width:1em;height:1em}.elementor-widget-text-editor .elementor-drop-cap{float:left;text-align:center;line-height:1;font-size:50px}.elementor-widget-text-editor .elementor-drop-cap-letter{display:inline-block}<\/style>\t\t\t\t<p><strong>G\u00e9oGraphiste est un bureau d\u2019\u00e9tudes ind\u00e9pendant fond\u00e9 par deux experts en Syst\u00e8mes d\u2019Informations G\u00e9ographiques (SIG) et passionn\u00e9s de cartographie, avec des profils aux exp\u00e9riences vari\u00e9es et compl\u00e9mentaires.<\/strong><\/p>\t\t\t\t\t\t<\/div>\n\t\t\t\t<\/div>\n\t\t\t\t\t<\/div>\n\t\t<\/div>\n\t\t\t\t\t\t\t<\/div>\n\t\t<\/section>\n\t\t\t\t<section class=\"elementor-section elementor-top-section elementor-element elementor-element-7827b94 elementor-section-boxed elementor-section-height-default elementor-section-height-default\" data-id=\"7827b94\" data-element_type=\"section\">\n\t\t\t\t\t\t<div class=\"elementor-container elementor-column-gap-default\">\n\t\t\t\t\t<div class=\"elementor-column elementor-col-100 elementor-top-column elementor-element elementor-element-6d7d7dd\" data-id=\"6d7d7dd\" data-element_type=\"column\">\n\t\t\t<div class=\"elementor-widget-wrap elementor-element-populated\">\n\t\t\t\t\t\t\t\t<div class=\"elementor-element elementor-element-551549c elementor-widget elementor-widget-wpzoom-elementor-addons-team-members\" data-id=\"551549c\" data-element_type=\"widget\" data-settings=\"{&quot;_animation&quot;:&quot;none&quot;}\" data-widget_type=\"wpzoom-elementor-addons-team-members.default\">\n\t\t\t\t<div class=\"elementor-widget-container\">\n\t\t\t\n\t\t\t\t\t<figure class=\"wpz-member-figure\">\n\t\t\t\t<img loading=\"lazy\" decoding=\"async\" width=\"300\" height=\"300\" src=\"https:\/\/geographiste.com\/wp-content\/uploads\/2022\/03\/Portrait-Daniel-300x300.png\" class=\"elementor-animation-disable-animation attachment-medium size-medium\" alt=\"\" srcset=\"https:\/\/geographiste.com\/wp-content\/uploads\/2022\/03\/Portrait-Daniel-300x300.png 300w, https:\/\/geographiste.com\/wp-content\/uploads\/2022\/03\/Portrait-Daniel-150x150.png 150w, https:\/\/geographiste.com\/wp-content\/uploads\/2022\/03\/Portrait-Daniel-768x768.png 768w, https:\/\/geographiste.com\/wp-content\/uploads\/2022\/03\/Portrait-Daniel.png 800w\" sizes=\"auto, 100vw\" \/>\t\t\t<\/figure>\n\t\t\n\t\t<div class=\"wpz-member-body\">\n\t\t\t<h1 class=\"wpz-member-name\">Daniel<\/h1>\n\t\t\t\t\t\t\t<div class=\"wpz-member-position\">Associ\u00e9 fondateur<\/div>\n\t\t\t\n\t\t\t\t\t\t\t<div class=\"wpz-member-bio\">\n\t\t\t\t\t<p>Urbaniste de formation, dipl\u00f4m\u00e9 d\u2019un Master 2 de Sciences Po Paris, Daniel a travaill\u00e9 au sein de plusieurs collectivit\u00e9s locales dans des domaines tr\u00e8s divers (d\u00e9veloppement \u00e9conomique, am\u00e9nagement du territoire, planification, projets urbains, \u00e9tudes et observation territoriale). Pendant plusieurs ann\u00e9es, il a dirig\u00e9 le service SIG (Syst\u00e8me d\u2019Information G\u00e9ographique) d\u2019un grand \u00e9tablissement public. \nFin connaisseur du monde du d\u00e9veloppement local, fort de ses exp\u00e9riences vari\u00e9es en tant que charg\u00e9 d\u2019\u00e9tudes, cartographe ou ma\u00eetre d\u2019ouvrage, il est \u00e0 m\u00eame de comprendre et d\u2019anticiper les besoins sp\u00e9cifiques des diff\u00e9rents acteurs de la ville et des territoires (collectivit\u00e9s, am\u00e9nageurs, gestionnaires de r\u00e9seaux, bureaux d\u2019\u00e9tudes techniques).\n<\/p>\n\t\t\t\t<\/div>\n\t\t\t\n\t\t\t\n\t\t\t\t\t\t\t<div class=\"wpz-member-links\">\n\t\t\t\t\t<a target=\"_blank\" rel=\"noopener\" href=\"https:\/\/fr.linkedin.com\/in\/daniel-th\u00e9ry-7326a782?challengeId=AQHIVHS3Wnx1BgAAAX-UzHm6MZ9iNNlE6D_oL9bBeVg_uOp5z9GrLQjsproAwnc3Wxk0oqnLxh15OXBU0PabpDbc_Ew2yvGcHg&submissionId=9c02a2e1-3cfc-dc16-07bd-708312bd3c6e\" class=\"elementor-repeater-item-817b581\"><i class=\"fa-linkedin fab\" aria-hidden=\"true\"><\/i><\/a><a target=\"_blank\" rel=\"noopener\" href=\"mailto:d&#97;ni&#101;&#108;&#46;&#116;he&#114;&#121;&#64;ge&#111;&#103;&#114;aph&#105;ste.&#99;&#111;m\" class=\"elementor-repeater-item-cfea142\"><i class=\"fa-envelope far\" aria-hidden=\"true\"><\/i><\/a>\t\t\t\t<\/div>\n\t\t\t\n\t\t\t\t\t<\/div>\n\t\t\t\t<\/div>\n\t\t\t\t<\/div>\n\t\t\t\t<div class=\"elementor-element elementor-element-4eab1d2 elementor-widget elementor-widget-wpzoom-elementor-addons-team-members\" data-id=\"4eab1d2\" data-element_type=\"widget\" data-settings=\"{&quot;_animation&quot;:&quot;none&quot;}\" data-widget_type=\"wpzoom-elementor-addons-team-members.default\">\n\t\t\t\t<div class=\"elementor-widget-container\">\n\t\t\t\n\t\t\t\t\t<figure class=\"wpz-member-figure\">\n\t\t\t\t<img loading=\"lazy\" decoding=\"async\" width=\"300\" height=\"268\" src=\"https:\/\/geographiste.com\/wp-content\/uploads\/2022\/04\/sabri-300x268.jpg\" class=\"elementor-animation-disable-animation attachment-medium size-medium\" alt=\"\" srcset=\"https:\/\/geographiste.com\/wp-content\/uploads\/2022\/04\/sabri-300x268.jpg 300w, https:\/\/geographiste.com\/wp-content\/uploads\/2022\/04\/sabri-1024x914.jpg 1024w, https:\/\/geographiste.com\/wp-content\/uploads\/2022\/04\/sabri-768x685.jpg 768w, https:\/\/geographiste.com\/wp-content\/uploads\/2022\/04\/sabri.jpg 1344w\" sizes=\"auto, 100vw\" \/>\t\t\t<\/figure>\n\t\t\n\t\t<div class=\"wpz-member-body\">\n\t\t\t<h1 class=\"wpz-member-name\">Sabri<\/h1>\n\t\t\t\t\t\t\t<div class=\"wpz-member-position\">Associ\u00e9 fondateur<\/div>\n\t\t\t\n\t\t\t\t\t\t\t<div class=\"wpz-member-bio\">\n\t\t\t\t\t<p>Dipl\u00f4m\u00e9 d\u2019un Master de g\u00e9ographie, Sabri est un cartographe confirm\u00e9 ma\u00eetrisant les outils de la g\u00e9omatique. Lors de ses nombreuses missions en France ou \u00e0 l\u2019\u00e9tranger, dans de nombreux pays sur quatre continents (Guin\u00e9e, Congo, \u00c9thiopie, Afghanistan, Bahamas ...) pour le compte de bureaux d\u2019\u00e9tudes, de collectivit\u00e9s locales, d\u2019ONG et d\u2019organismes internationaux (UNICEF, Programme alimentaire mondial, FAO ...) il a exerc\u00e9 ses talents dans des domaines aussi divers que l\u2019action humanitaire d\u2019urgence, les \u00e9tudes environnementales ou la planification urbaine. \nAussi \u00e0 l\u2019aise dans les contextes de crise qu\u2019avec la plupart des documents de planification strat\u00e9gique (PADD, PLU, SCOT, trames verte et bleue, plans d\u2019action fonci\u00e8re \u2026). Sabri est avant tout un passeur d\u2019informations g\u00e9ographiques, capable d\u2019allier une gestion rigoureuse des donn\u00e9es \u00e0 la qualit\u00e9 esth\u00e9tique et la lisibilit\u00e9 des rendus cartographiques.\n<\/p>\n\t\t\t\t<\/div>\n\t\t\t\n\t\t\t\n\t\t\t\t\t\t\t<div class=\"wpz-member-links\">\n\t\t\t\t\t<a target=\"_blank\" rel=\"noopener\" href=\"https:\/\/fr.linkedin.com\/in\/sabri-chkioua-4a43a39a?trk=people-guest_people_search-card\" class=\"elementor-repeater-item-817b581\"><i class=\"fa-linkedin fab\" aria-hidden=\"true\"><\/i><\/a><a target=\"_blank\" rel=\"noopener\" href=\"mailto:s&#97;&#98;r&#105;.&#99;h&#107;&#105;o&#117;&#97;&#64;&#103;&#101;o&#103;&#114;&#97;phist&#101;&#46;com\" class=\"elementor-repeater-item-cfea142\"><i class=\"fa-envelope far\" aria-hidden=\"true\"><\/i><\/a>\t\t\t\t<\/div>\n\t\t\t\n\t\t\t\t\t<\/div>\n\t\t\t\t<\/div>\n\t\t\t\t<\/div>\n\t\t\t\t<div class=\"elementor-element elementor-element-78e92d4 e-transform elementor-widget elementor-widget-wpzoom-elementor-addons-team-members\" data-id=\"78e92d4\" data-element_type=\"widget\" data-settings=\"{&quot;_animation&quot;:&quot;none&quot;,&quot;_transform_translateX_effect&quot;:{&quot;unit&quot;:&quot;px&quot;,&quot;size&quot;:0,&quot;sizes&quot;:[]},&quot;_transform_translateX_effect_tablet&quot;:{&quot;unit&quot;:&quot;px&quot;,&quot;size&quot;:&quot;&quot;,&quot;sizes&quot;:[]},&quot;_transform_translateX_effect_mobile&quot;:{&quot;unit&quot;:&quot;px&quot;,&quot;size&quot;:&quot;&quot;,&quot;sizes&quot;:[]},&quot;_transform_translateY_effect&quot;:{&quot;unit&quot;:&quot;px&quot;,&quot;size&quot;:&quot;&quot;,&quot;sizes&quot;:[]},&quot;_transform_translateY_effect_tablet&quot;:{&quot;unit&quot;:&quot;px&quot;,&quot;size&quot;:&quot;&quot;,&quot;sizes&quot;:[]},&quot;_transform_translateY_effect_mobile&quot;:{&quot;unit&quot;:&quot;px&quot;,&quot;size&quot;:&quot;&quot;,&quot;sizes&quot;:[]}}\" data-widget_type=\"wpzoom-elementor-addons-team-members.default\">\n\t\t\t\t<div class=\"elementor-widget-container\">\n\t\t\t\n\t\t\t\t\t<figure class=\"wpz-member-figure\">\n\t\t\t\t<img loading=\"lazy\" decoding=\"async\" width=\"272\" height=\"300\" src=\"https:\/\/geographiste.com\/wp-content\/uploads\/2022\/04\/francois_gueydon_carre-272x300.png\" class=\"elementor-animation-disable-animation attachment-medium size-medium\" alt=\"\" srcset=\"https:\/\/geographiste.com\/wp-content\/uploads\/2022\/04\/francois_gueydon_carre-272x300.png 272w, https:\/\/geographiste.com\/wp-content\/uploads\/2022\/04\/francois_gueydon_carre.png 601w\" sizes=\"auto, 100vw\" \/>\t\t\t<\/figure>\n\t\t\n\t\t<div class=\"wpz-member-body\">\n\t\t\t<h1 class=\"wpz-member-name\">Fran\u00e7ois<\/h1>\n\t\t\t\t\t\t\t<div class=\"wpz-member-position\">Collaborateur<\/div>\n\t\t\t\n\t\t\t\t\t\t\t<div class=\"wpz-member-bio\">\n\t\t\t\t\t<p>Fort de plus de 10 ans d\u2019exp\u00e9rience en g\u00e9omatique et en repr\u00e9sentation graphique de l\u2019information, Fran\u00e7ois est rod\u00e9 \u00e0 l\u2019accompagnement de projets li\u00e9s \u00e0 l\u2019urbanisme, au tourisme, au patrimoine ou \u00e0 l\u2019\u00e9conomie.\nSes comp\u00e9tences larges et diverses vont du graphisme au d\u00e9veloppement d\u2019applications de web-mapping en passant par l\u2019administration de bases de donn\u00e9es et de serveurs.\t\t\t\nEn tant qu\u2019intervenant r\u00e9gulier \u00e0 l\u2019universit\u00e9 de La Rochelle (licence professionnelle LUPSIG) et animateur de formations aupr\u00e8s d\u2019\u00e9lus et de cadres territoriaux, il a d\u00e9velopp\u00e9 un sens aigu de la p\u00e9dagogie et excelle \u00e0 transmettre des connaissances techniques pointues \u00e0 des non-sp\u00e9cialistes.\nTitulaire d\u2019une licence de t\u00e9l\u00e9 pilote de drone depuis 2018, il a plus d\u2019une centaine d\u2019heures de vols professionnels \u00e0 son actif, aussi bien pour de l\u2019inspection de b\u00e2timents que pour de la vid\u00e9o de promotion touristique ou de vol en immersion 3D.<\/p>\n\t\t\t\t<\/div>\n\t\t\t\n\t\t\t\n\t\t\t\t\t\t\t<div class=\"wpz-member-links\">\n\t\t\t\t\t<a target=\"_blank\" rel=\"noopener\" href=\"mailto:f&#114;a&#110;&#99;&#111;&#105;&#115;;gu&#101;&#121;&#100;on&#64;&#103;&#101;og&#114;&#97;ph&#105;&#115;&#116;&#101;.c&#111;m\" class=\"elementor-repeater-item-cfea142\"><i class=\"fa-envelope far\" aria-hidden=\"true\"><\/i><\/a>\t\t\t\t<\/div>\n\t\t\t\n\t\t\t\t\t<\/div>\n\t\t\t\t<\/div>\n\t\t\t\t<\/div>\n\t\t\t\t\t<\/div>\n\t\t<\/div>\n\t\t\t\t\t\t\t<\/div>\n\t\t<\/section>\n\t\t\t\t\t\t<\/div>\n\t\t\t\t\t<\/div>\n\t\t","protected":false},"excerpt":{"rendered":"<p>G\u00e9oGraphiste est un bureau d\u2019\u00e9tudes ind\u00e9pendant fond\u00e9 par deux experts en Syst\u00e8mes d\u2019Informations G\u00e9ographiques (SIG) et passionn\u00e9s de cartographie, avec des profils aux exp\u00e9riences vari\u00e9es et compl\u00e9mentaires. Daniel Associ\u00e9 fondateur Urbaniste de formation, dipl\u00f4m\u00e9 d\u2019un Master 2 de Sciences Po Paris, Daniel a travaill\u00e9 au sein de plusieurs collectivit\u00e9s locales dans des domaines tr\u00e8s divers &hellip; <\/p>\n<p class=\"link-more\"><a href=\"https:\/\/geographiste.com\/index.php\/qui-nous-sommes\/\" class=\"more-link\">Read more<span class=\"screen-reader-text\"> &#8220;Qui nous sommes&#8221;<\/span><\/a><\/p>\n","protected":false},"author":1,"featured_media":0,"parent":0,"menu_order":0,"comment_status":"closed","ping_status":"closed","template":"","meta":{"_coblocks_attr":"","_coblocks_dimensions":"","_coblocks_responsive_height":"","_coblocks_accordion_ie_support":"","footnotes":""},"class_list":["post-692","page","type-page","status-publish","hentry"],"featured_media_urls":[],"_links":{"self":[{"href":"https:\/\/geographiste.com\/index.php\/wp-json\/wp\/v2\/pages\/692","targetHints":{"allow":["GET"]}}],"collection":[{"href":"https:\/\/geographiste.com\/index.php\/wp-json\/wp\/v2\/pages"}],"about":[{"href":"https:\/\/geographiste.com\/index.php\/wp-json\/wp\/v2\/types\/page"}],"author":[{"embeddable":true,"href":"https:\/\/geographiste.com\/index.php\/wp-json\/wp\/v2\/users\/1"}],"replies":[{"embeddable":true,"href":"https:\/\/geographiste.com\/index.php\/wp-json\/wp\/v2\/comments?post=692"}],"version-history":[{"count":119,"href":"https:\/\/geographiste.com\/index.php\/wp-json\/wp\/v2\/pages\/692\/revisions"}],"predecessor-version":[{"id":1330,"href":"https:\/\/geographiste.com\/index.php\/wp-json\/wp\/v2\/pages\/692\/revisions\/1330"}],"wp:attachment":[{"href":"https:\/\/geographiste.com\/index.php\/wp-json\/wp\/v2\/media?parent=692"}],"curies":[{"name":"wp","href":"https:\/\/api.w.org\/{rel}","templated":true}]}}